{"id":18,"date":"2023-07-22T15:13:55","date_gmt":"2023-07-22T13:13:55","guid":{"rendered":"http:\/\/www3.theatergruppe-schleissheim.at\/?page_id=18"},"modified":"2023-07-22T15:16:58","modified_gmt":"2023-07-22T13:16:58","slug":"elementor-18","status":"publish","type":"page","link":"http:\/\/www3.theatergruppe-schleissheim.at\/?page_id=18","title":{"rendered":"\u00dcber uns"},"content":{"rendered":"\t\t<div data-elementor-type=\"wp-page\" data-elementor-id=\"18\" class=\"elementor elementor-18\" data-elementor-post-type=\"page\">\n\t\t\t\t\t\t<section class=\"elementor-section elementor-top-section elementor-element elementor-element-3996b80 elementor-section-boxed elementor-section-height-default elementor-section-height-default\" data-id=\"3996b80\" data-element_type=\"section\" data-e-type=\"section\">\n\t\t\t\t\t\t<div class=\"elementor-container elementor-column-gap-default\">\n\t\t\t\t\t<div class=\"elementor-column elementor-col-100 elementor-top-column elementor-element elementor-element-5630943\" data-id=\"5630943\" data-element_type=\"column\" data-e-type=\"column\">\n\t\t\t<div class=\"elementor-widget-wrap elementor-element-populated\">\n\t\t\t\t\t\t<div class=\"elementor-element elementor-element-b0b78fc elementor-widget elementor-widget-heading\" data-id=\"b0b78fc\" data-element_type=\"widget\" data-e-type=\"widget\" data-widget_type=\"heading.default\">\n\t\t\t\t<div class=\"elementor-widget-container\">\n\t\t\t\t\t<h2 class=\"elementor-heading-title elementor-size-default\">\u00dcber uns<\/h2>\t\t\t\t<\/div>\n\t\t\t\t<\/div>\n\t\t\t\t\t<\/div>\n\t\t<\/div>\n\t\t\t\t\t<\/div>\n\t\t<\/section>\n\t\t\t\t<section class=\"elementor-section elementor-top-section elementor-element elementor-element-6fedc38 elementor-section-boxed elementor-section-height-default elementor-section-height-default\" data-id=\"6fedc38\" data-element_type=\"section\" data-e-type=\"section\">\n\t\t\t\t\t\t<div class=\"elementor-container elementor-column-gap-default\">\n\t\t\t\t\t<div class=\"elementor-column elementor-col-100 elementor-top-column elementor-element elementor-element-ea51c13\" data-id=\"ea51c13\" data-element_type=\"column\" data-e-type=\"column\">\n\t\t\t<div class=\"elementor-widget-wrap elementor-element-populated\">\n\t\t\t\t\t\t<div class=\"elementor-element elementor-element-3e05ffc elementor-widget elementor-widget-text-editor\" data-id=\"3e05ffc\" data-element_type=\"widget\" data-e-type=\"widget\" data-widget_type=\"text-editor.default\">\n\t\t\t\t<div class=\"elementor-widget-container\">\n\t\t\t\t\t\t\t\t\t<p>Die Theatergruppe Schlei\u00dfheim wurde 1975 gegr\u00fcndet. Theater gespielt wurde aber auch schon fr\u00fcher, denn der damalige Direktor Franz Feuchtner hat mit seinen gro\u00dfen Sch\u00fcler \u00f6fter M\u00e4rchen und Einakter aufgef\u00fchrt. Daran hat sich Johanna Meingast erinnert, als sie mit ihren Freunden beim Huber Wirt sa\u00df und feststellte :\u201cEs duad si nix in Schlei\u00dfheim.\u201c Sie hat auch gleich die L\u00f6sung des Problems bereit gehabt,: \u201cWia soitn wieda amoi Theater sp\u00fcn\u201d. Die Idee ist gut angekommen und Hannerl hat die ersten Theaterb\u00fccher bestellt. Gemeinsam mit ihren Freunden hat sie sich auf die Suche nach talentierten Schauspielern gemacht.<\/p>\n<p><span style=\"font-style: inherit; font-weight: inherit; color: var( --e-global-color-text ); font-family: var( --e-global-typography-text-font-family ), Sans-serif; background-color: var(--ast-global-color-5);\">Bis zur ersten Auff\u00fchrung verging noch etwas Zeit, denn es bedurfte vieler Vorbereitungsarbeiten bis aus dem Gasthaus Huber ein Theatersaal wurde. Eine B\u00fchne wurde angeschafft, die Kulissenteile baute die Tischlerei Sadleder. Au\u00dferdem brauchten sie Requisiten f\u00fcrs Theater, ja, und ihre Rollen mussten sie auch lernen. Einstudiert wurde das St\u00fcck von Helga und Herwig Ossinger.<\/span><\/p>\n<p>Am 29. Mai 1975 war es soweit. Die Premiere des l\u00e4ndlichen Lustspiels \u201eDer Preisgockl\u201c fand im Gasthaus Huber statt. Bei 3 Auff\u00fchrungen stellten Rosi Hager, Rosi Lederhilger, Rita Wespl, Johann Eschlb\u00f6ck, Fritz Gatterbauer, Franz Hager, Ernst Sadleder und Johann Stadlmair ihr schauspielerisches Talent unter Beweis. Nur Hannerl konnte nicht mitspielen, da sie sich beim Skifahren den Fu\u00df gebrochen hat.<\/p>\n<p>Weil\u00b4s Theater gro\u00dfen Anklang fand, wurde 1976 im Fr\u00fchling und im Herbst ein St\u00fcck aufgef\u00fchrt. Der Zeitaufwand war aber zu gro\u00df, darum wird seither nur ein St\u00fcck pro Jahr aufgef\u00fchrt.<\/p>\n<p>Seit 1978 spielen wir immer im Oktober. 13 Theaterst\u00fccke sind bis 1988 zur Auff\u00fchrung gelangt. Noch der Theatersaison 1988 h\u00f6rten gleichzeitig mehrere Spielerinnen und Spieler sowie das Ehepaar Ossinger auf. Einige sind der Liebe wegen weggezogen, andere wieder wollten ein bisschen mehr Zeit f\u00fcr die Familie haben, oder einfach eine Pause machen.<\/p>\n<p>Zwei Jahre ohne Theater, das ist genug, dachten sich Franz Leitenmayr und Johann Stadlmair und begannen 1990 die Truppe neu aufzustellen. Die Regie f\u00fchrt seit dieser Zeit Maria Hueber und mit 3 neuen Spielerinnen war die Gruppe wieder komplett. Wie von Anfang an wurde im Gasthaus Huber gespielt. Auch bei der St\u00fcckauswahl blieben wir dem l\u00e4ndlichen Lustspiel treu und wir konnten auch an die Erfolge der Vorjahre anschlie\u00dfen.<\/p>\n<p>Ein paar \u00c4nderungen gab es nat\u00fcrlich schon mit der Zeit. Die Platzreservierung wurden eingef\u00fchrt und f\u00fcr eine bessere Sicht auf die B\u00fchne bauen wir jedes Jahr Podeste auf. Seit wir uns die Sesseln aus dem Veranstaltungssaal ausleihen d\u00fcrfen, bleibt uns das l\u00e4stige zusammentragen von Sitzgelegenheiten erspart. Unsere B\u00fchnen- und Kulissenteile d\u00fcrfen wir seit ein paar Jahr im Bauhof unterstellen, wof\u00fcr wir der Gemeinde sehr dankbar sind.<\/p>\n<p>Dank der Treue der Theaterbesucher und immer neuer Zuschauer hat sich die Zahl der Vorstellungen pro Theaterst\u00fcck von 3 Auff\u00fchrungen 1975 auf ein vielfaches erh\u00f6ht. Darum k\u00f6nnen wir auch jedes Jahr einen Schlei\u00dfheimer Verein, die Schule, den Kindergarten oder die Kirche finanziell unterst\u00fctzen.<\/p>\n<p>Insgesamt haben sich in den 40 Jahren 28 Theaterspieler auf die Bretter die die Welt bedeuten gewagt. Die einen spielten nur 1 Mal mit, andere, wie Johann Stadlmair sind von Anfang an dabei und er hat auch jedes Jahr mitgespielt.<\/p>\n<p>Seit 2004 ist die Theatergruppe Schlei\u00dfheim ein eigener Verein. Vorher wurde einmal unter dem Musikverein sp\u00e4ter unter dem Sparverein gespielt.<\/p>\n<p>Unser erster Obmann war Hans Eschlb\u00f6ck. Zur Seite stand ihm Maria Hueber als Stellvertreterin, Ernst Heiss als Kassier und Maria Artelsmair als Schriftf\u00fchrerin. Nach dem Theater 2010 legte Hans Eschlb\u00f6ck seine Funktion aus gesundheitlichen Gr\u00fcnden zur\u00fcck.<\/p>\n<p>Christa Maurer folgt ihm in dieser Funktion nach, Ernst Heiss k\u00fcmmert sich immer noch ums Geld, aber auch um viele organisatorische Angelegenheiten. Die Schriftf\u00fchrerin ist seit kurzem Petra Edtinger. Das Sch\u00f6ne an unseren Verein ist der Zusammenhalt und dass jeder hilft wo er kann, deshalb freuen wir uns jedes Jahr wieder auf die Theaterzeit.<\/p>\t\t\t\t\t\t\t\t<\/div>\n\t\t\t\t<\/div>\n\t\t\t\t\t<\/div>\n\t\t<\/div>\n\t\t\t\t\t<\/div>\n\t\t<\/section>\n\t\t\t\t<\/div>\n\t\t","protected":false},"excerpt":{"rendered":"<p>\u00dcber uns Die Theatergruppe Schlei\u00dfheim wurde 1975 gegr\u00fcndet. Theater gespielt wurde aber auch schon fr\u00fcher, denn der damalige Direktor Franz Feuchtner hat mit seinen gro\u00dfen Sch\u00fcler \u00f6fter M\u00e4rchen und Einakter aufgef\u00fchrt. Daran hat sich Johanna Meingast erinnert, als sie mit ihren Freunden beim Huber Wirt sa\u00df und feststellte :\u201cEs duad si nix in Schlei\u00dfheim.\u201c Sie [&hellip;]<\/p>\n","protected":false},"author":1,"featured_media":0,"parent":0,"menu_order":0,"comment_status":"closed","ping_status":"closed","template":"","meta":{"footnotes":""},"class_list":["post-18","page","type-page","status-publish","hentry"],"_links":{"self":[{"href":"http:\/\/www3.theatergruppe-schleissheim.at\/index.php?rest_route=\/wp\/v2\/pages\/18","targetHints":{"allow":["GET"]}}],"collection":[{"href":"http:\/\/www3.theatergruppe-schleissheim.at\/index.php?rest_route=\/wp\/v2\/pages"}],"about":[{"href":"http:\/\/www3.theatergruppe-schleissheim.at\/index.php?rest_route=\/wp\/v2\/types\/page"}],"author":[{"embeddable":true,"href":"http:\/\/www3.theatergruppe-schleissheim.at\/index.php?rest_route=\/wp\/v2\/users\/1"}],"replies":[{"embeddable":true,"href":"http:\/\/www3.theatergruppe-schleissheim.at\/index.php?rest_route=%2Fwp%2Fv2%2Fcomments&post=18"}],"version-history":[{"count":5,"href":"http:\/\/www3.theatergruppe-schleissheim.at\/index.php?rest_route=\/wp\/v2\/pages\/18\/revisions"}],"predecessor-version":[{"id":23,"href":"http:\/\/www3.theatergruppe-schleissheim.at\/index.php?rest_route=\/wp\/v2\/pages\/18\/revisions\/23"}],"wp:attachment":[{"href":"http:\/\/www3.theatergruppe-schleissheim.at\/index.php?rest_route=%2Fwp%2Fv2%2Fmedia&parent=18"}],"curies":[{"name":"wp","href":"https:\/\/api.w.org\/{rel}","templated":true}]}}